{"id":25100,"date":"2026-04-16T14:53:12","date_gmt":"2026-04-16T12:53:12","guid":{"rendered":"https:\/\/www.sunshine-habitat.com\/?page_id=25100"},"modified":"2026-04-16T15:25:22","modified_gmt":"2026-04-16T13:25:22","slug":"saisonniers-travailleurs-2","status":"publish","type":"page","link":"https:\/\/www.sunshine-habitat.com\/fr\/mobil-homes-louisiane\/offre-professionnelle\/saisonniers-travailleurs-2\/","title":{"rendered":"Modules saisonniers \/ travailleurs"},"content":{"rendered":"<div id=\"pl-25100\"  class=\"panel-layout\" ><div id=\"pg-25100-0\"  class=\"panel-grid panel-no-style\" ><div id=\"pgc-25100-0-0\"  class=\"panel-grid-cell\" ><div id=\"panel-25100-0-0-0\" class=\"so-panel widget widget_sow-editor panel-first-child panel-last-child\" data-index=\"0\" ><div\n\t\t\t\n\t\t\tclass=\"so-widget-sow-editor so-widget-sow-editor-base\"\n\t\t\t\n\t\t>\n<div class=\"siteorigin-widget-tinymce textwidget\">\n\t<p style=\"text-align: center;\"><span style=\"font-size: 24px;\"><strong>DEUX OU TROIS STUDIOS, UN CONFORT OPTIMAL !<\/strong><\/span><br \/>\nNos mod\u00e8les offre \u00e0 vos saisonniers deux ou trois espaces ind\u00e9pendants, confortables et fonctionnels.<\/p>\n<p style=\"text-align: center;\">Id\u00e9al pour l\u2019intimit\u00e9, l\u2019autonomie et le repos de chacun...<\/p>\n<\/div>\n<\/div><\/div><\/div><\/div><div id=\"pg-25100-1\"  class=\"panel-grid panel-has-style no-padding-top-nc-wrap\" ><div class=\"no-padding-top panel-row-style panel-row-style-for-25100-1\" ><div id=\"pgc-25100-1-0\"  class=\"panel-grid-cell\" ><div id=\"panel-25100-1-0-0\" class=\"so-panel widget widget_encart-text-img-link panel-first-child panel-last-child\" data-index=\"1\" ><div\n\t\t\t\n\t\t\tclass=\"so-widget-encart-text-img-link so-widget-encart-text-img-link-base\"\n\t\t\t\n\t\t><div class=\"etil-block-container nc-widget-nc-encart-text-img-link-tpl-theme-bloc-offre-pro-part\">\r\n\t<a href=\"https:\/\/www.sunshine-habitat.com\/fr\/mobil-homes-louisiane\/offre-professionnelle\/module-2-studios\/\" class=\"etil-block-link\" title=\"\">\t\t<div class=\"etil-img\"><img decoding=\"async\" class=\"masked\" src=\"https:\/\/www.sunshine-habitat.com\/wp-content\/uploads\/2026\/04\/2-STUDIOS.png\" alt=\"\" \/><img decoding=\"async\" class=\"mask\" src=\"https:\/\/www.sunshine-habitat.com\/wp-content\/themes\/netconcept_V7_sun\/images\/elements\/tour-maison.png\" alt=\"\" \/><\/div>\r\n\t\t<div class=\"etil-block-text\">\r\n\t\t\t<h3 style=\"text-align: center\">MODULE<\/h3>\n<h2 style=\"text-align: center\"><strong>2 STUDIOS<\/strong><\/h2>\n\t\t<\/div>\r\n\t<\/a>        \r\n<\/div>\r\n<\/div><\/div><\/div><div id=\"pgc-25100-1-1\"  class=\"panel-grid-cell\" ><div id=\"panel-25100-1-1-0\" class=\"so-panel widget widget_encart-text-img-link panel-first-child panel-last-child\" data-index=\"2\" ><div\n\t\t\t\n\t\t\tclass=\"so-widget-encart-text-img-link so-widget-encart-text-img-link-base\"\n\t\t\t\n\t\t><div class=\"etil-block-container nc-widget-nc-encart-text-img-link-tpl-theme-bloc-offre-pro-part\">\r\n\t<a href=\"https:\/\/www.sunshine-habitat.com\/fr\/mobil-homes-louisiane\/offre-professionnelle\/module-3-studios\/\" class=\"etil-block-link\" title=\"\">\t\t<div class=\"etil-img\"><img decoding=\"async\" class=\"masked\" src=\"https:\/\/www.sunshine-habitat.com\/wp-content\/uploads\/2026\/04\/3-STUDIOS.png\" alt=\"\" \/><img decoding=\"async\" class=\"mask\" src=\"https:\/\/www.sunshine-habitat.com\/wp-content\/themes\/netconcept_V7_sun\/images\/elements\/tour-maison.png\" alt=\"\" \/><\/div>\r\n\t\t<div class=\"etil-block-text\">\r\n\t\t\t<h3 style=\"text-align: center\">MODULE<\/h3>\n<h2 style=\"text-align: center\"><strong>3 STUDIOS<\/strong><\/h2>\n\t\t<\/div>\r\n\t<\/a>        \r\n<\/div>\r\n<\/div><\/div><\/div><\/div><\/div><\/div>","protected":false},"excerpt":{"rendered":"<p>DEUX OU TROIS STUDIOS, UN CONFORT OPTIMAL ! Nos mod\u00e8les offre \u00e0 vos saisonniers deux ou trois espaces ind\u00e9pendants, confortables et fonctionnels. Id\u00e9al pour l\u2019intimit\u00e9, l\u2019autonomie et le repos<\/p>\n","protected":false},"author":3,"featured_media":0,"parent":2868,"menu_order":270,"comment_status":"closed","ping_status":"closed","template":"","meta":{"inline_featured_image":false,"footnotes":""},"class_list":["post-25100","page","type-page","status-publish","hentry"],"yoast_head":"<!-- This site is optimized with the Yoast SEO plugin v27.4 - https:\/\/yoast.com\/product\/yoast-seo-wordpress\/ -->\n<title>Mobil-Homes Louisiane - Sunshine Habitat<\/title>\n<meta name=\"description\" content=\"Louisiane propose un large choix de mobil-homes de qualit\u00e9. Il y a forc\u00e9ment le mod\u00e8le qui r\u00e9pond \u00e0 vos besoins et \u00e0 votre style avec nos 4 gammes, pour passer un s\u00e9jour de r\u00eave. Des mobil-homes pour professionnels et particuliers, nous r\u00e9pondons \u00e0 vos envies avec comme objectif de faire vivre des vacances oubliables.\" \/>\n<meta name=\"robots\" content=\"index, follow, max-snippet:-1, max-image-preview:large, max-video-preview:-1\" \/>\n<link rel=\"canonical\" href=\"https:\/\/www.sunshine-habitat.com\/fr\/mobil-homes-louisiane\/offre-professionnelle\/saisonniers-travailleurs-2\/\" \/>\n<meta property=\"og:locale\" content=\"fr_FR\" \/>\n<meta property=\"og:type\" content=\"article\" \/>\n<meta property=\"og:title\" content=\"Mobil-Homes Louisiane - Sunshine Habitat\" \/>\n<meta property=\"og:description\" content=\"Louisiane propose un large choix de mobil-homes de qualit\u00e9. Il y a forc\u00e9ment le mod\u00e8le qui r\u00e9pond \u00e0 vos besoins et \u00e0 votre style avec nos 4 gammes, pour passer un s\u00e9jour de r\u00eave. Des mobil-homes pour professionnels et particuliers, nous r\u00e9pondons \u00e0 vos envies avec comme objectif de faire vivre des vacances oubliables.\" \/>\n<meta property=\"og:url\" content=\"https:\/\/www.sunshine-habitat.com\/fr\/mobil-homes-louisiane\/offre-professionnelle\/saisonniers-travailleurs-2\/\" \/>\n<meta property=\"og:site_name\" content=\"Sunshine Habitat\" \/>\n<meta property=\"article:modified_time\" content=\"2026-04-16T13:25:22+00:00\" \/>\n<meta name=\"twitter:card\" content=\"summary_large_image\" \/>\n<script type=\"application\/ld+json\" class=\"yoast-schema-graph\">{\"@context\":\"https:\\\/\\\/schema.org\",\"@graph\":[{\"@type\":\"WebPage\",\"@id\":\"https:\\\/\\\/www.sunshine-habitat.com\\\/fr\\\/mobil-homes-louisiane\\\/offre-professionnelle\\\/saisonniers-travailleurs-2\\\/\",\"url\":\"https:\\\/\\\/www.sunshine-habitat.com\\\/fr\\\/mobil-homes-louisiane\\\/offre-professionnelle\\\/saisonniers-travailleurs-2\\\/\",\"name\":\"Mobil-Homes Louisiane - Sunshine Habitat\",\"isPartOf\":{\"@id\":\"https:\\\/\\\/www.sunshine-habitat.com\\\/fr\\\/#website\"},\"datePublished\":\"2026-04-16T12:53:12+00:00\",\"dateModified\":\"2026-04-16T13:25:22+00:00\",\"description\":\"Louisiane propose un large choix de mobil-homes de qualit\u00e9. Il y a forc\u00e9ment le mod\u00e8le qui r\u00e9pond \u00e0 vos besoins et \u00e0 votre style avec nos 4 gammes, pour passer un s\u00e9jour de r\u00eave. Des mobil-homes pour professionnels et particuliers, nous r\u00e9pondons \u00e0 vos envies avec comme objectif de faire vivre des vacances oubliables.\",\"breadcrumb\":{\"@id\":\"https:\\\/\\\/www.sunshine-habitat.com\\\/fr\\\/mobil-homes-louisiane\\\/offre-professionnelle\\\/saisonniers-travailleurs-2\\\/#breadcrumb\"},\"inLanguage\":\"fr-FR\",\"potentialAction\":[{\"@type\":\"ReadAction\",\"target\":[\"https:\\\/\\\/www.sunshine-habitat.com\\\/fr\\\/mobil-homes-louisiane\\\/offre-professionnelle\\\/saisonniers-travailleurs-2\\\/\"]}]},{\"@type\":\"BreadcrumbList\",\"@id\":\"https:\\\/\\\/www.sunshine-habitat.com\\\/fr\\\/mobil-homes-louisiane\\\/offre-professionnelle\\\/saisonniers-travailleurs-2\\\/#breadcrumb\",\"itemListElement\":[{\"@type\":\"ListItem\",\"position\":1,\"name\":\"Accueil\",\"item\":\"https:\\\/\\\/www.sunshine-habitat.com\\\/fr\\\/\"},{\"@type\":\"ListItem\",\"position\":2,\"name\":\"Mobil-Homes Louisiane\",\"item\":\"https:\\\/\\\/www.sunshine-habitat.com\\\/fr\\\/mobil-homes-louisiane\\\/\"},{\"@type\":\"ListItem\",\"position\":3,\"name\":\"Offre locative\",\"item\":\"https:\\\/\\\/www.sunshine-habitat.com\\\/fr\\\/mobil-homes-louisiane\\\/offre-professionnelle\\\/\"},{\"@type\":\"ListItem\",\"position\":4,\"name\":\"Modules saisonniers \\\/ travailleurs\"}]},{\"@type\":\"WebSite\",\"@id\":\"https:\\\/\\\/www.sunshine-habitat.com\\\/fr\\\/#website\",\"url\":\"https:\\\/\\\/www.sunshine-habitat.com\\\/fr\\\/\",\"name\":\"Sunshine Habitat\",\"description\":\"\",\"publisher\":{\"@id\":\"https:\\\/\\\/www.sunshine-habitat.com\\\/fr\\\/#organization\"},\"potentialAction\":[{\"@type\":\"SearchAction\",\"target\":{\"@type\":\"EntryPoint\",\"urlTemplate\":\"https:\\\/\\\/www.sunshine-habitat.com\\\/fr\\\/?s={search_term_string}\"},\"query-input\":{\"@type\":\"PropertyValueSpecification\",\"valueRequired\":true,\"valueName\":\"search_term_string\"}}],\"inLanguage\":\"fr-FR\"},{\"@type\":\"Organization\",\"@id\":\"https:\\\/\\\/www.sunshine-habitat.com\\\/fr\\\/#organization\",\"name\":\"Sunshine Habitat\",\"url\":\"https:\\\/\\\/www.sunshine-habitat.com\\\/fr\\\/\",\"logo\":{\"@type\":\"ImageObject\",\"inLanguage\":\"fr-FR\",\"@id\":\"https:\\\/\\\/www.sunshine-habitat.com\\\/fr\\\/#\\\/schema\\\/logo\\\/image\\\/\",\"url\":\"https:\\\/\\\/www.sunshine-habitat.com\\\/wp-content\\\/uploads\\\/2021\\\/05\\\/logo.png\",\"contentUrl\":\"https:\\\/\\\/www.sunshine-habitat.com\\\/wp-content\\\/uploads\\\/2021\\\/05\\\/logo.png\",\"width\":192,\"height\":250,\"caption\":\"Sunshine Habitat\"},\"image\":{\"@id\":\"https:\\\/\\\/www.sunshine-habitat.com\\\/fr\\\/#\\\/schema\\\/logo\\\/image\\\/\"}}]}<\/script>\n<!-- \/ Yoast SEO plugin. -->","yoast_head_json":{"title":"Mobil-Homes Louisiane - Sunshine Habitat","description":"Louisiane propose un large choix de mobil-homes de qualit\u00e9. Il y a forc\u00e9ment le mod\u00e8le qui r\u00e9pond \u00e0 vos besoins et \u00e0 votre style avec nos 4 gammes, pour passer un s\u00e9jour de r\u00eave. Des mobil-homes pour professionnels et particuliers, nous r\u00e9pondons \u00e0 vos envies avec comme objectif de faire vivre des vacances oubliables.","robots":{"index":"index","follow":"follow","max-snippet":"max-snippet:-1","max-image-preview":"max-image-preview:large","max-video-preview":"max-video-preview:-1"},"canonical":"https:\/\/www.sunshine-habitat.com\/fr\/mobil-homes-louisiane\/offre-professionnelle\/saisonniers-travailleurs-2\/","og_locale":"fr_FR","og_type":"article","og_title":"Mobil-Homes Louisiane - Sunshine Habitat","og_description":"Louisiane propose un large choix de mobil-homes de qualit\u00e9. Il y a forc\u00e9ment le mod\u00e8le qui r\u00e9pond \u00e0 vos besoins et \u00e0 votre style avec nos 4 gammes, pour passer un s\u00e9jour de r\u00eave. Des mobil-homes pour professionnels et particuliers, nous r\u00e9pondons \u00e0 vos envies avec comme objectif de faire vivre des vacances oubliables.","og_url":"https:\/\/www.sunshine-habitat.com\/fr\/mobil-homes-louisiane\/offre-professionnelle\/saisonniers-travailleurs-2\/","og_site_name":"Sunshine Habitat","article_modified_time":"2026-04-16T13:25:22+00:00","twitter_card":"summary_large_image","schema":{"@context":"https:\/\/schema.org","@graph":[{"@type":"WebPage","@id":"https:\/\/www.sunshine-habitat.com\/fr\/mobil-homes-louisiane\/offre-professionnelle\/saisonniers-travailleurs-2\/","url":"https:\/\/www.sunshine-habitat.com\/fr\/mobil-homes-louisiane\/offre-professionnelle\/saisonniers-travailleurs-2\/","name":"Mobil-Homes Louisiane - Sunshine Habitat","isPartOf":{"@id":"https:\/\/www.sunshine-habitat.com\/fr\/#website"},"datePublished":"2026-04-16T12:53:12+00:00","dateModified":"2026-04-16T13:25:22+00:00","description":"Louisiane propose un large choix de mobil-homes de qualit\u00e9. Il y a forc\u00e9ment le mod\u00e8le qui r\u00e9pond \u00e0 vos besoins et \u00e0 votre style avec nos 4 gammes, pour passer un s\u00e9jour de r\u00eave. Des mobil-homes pour professionnels et particuliers, nous r\u00e9pondons \u00e0 vos envies avec comme objectif de faire vivre des vacances oubliables.","breadcrumb":{"@id":"https:\/\/www.sunshine-habitat.com\/fr\/mobil-homes-louisiane\/offre-professionnelle\/saisonniers-travailleurs-2\/#breadcrumb"},"inLanguage":"fr-FR","potentialAction":[{"@type":"ReadAction","target":["https:\/\/www.sunshine-habitat.com\/fr\/mobil-homes-louisiane\/offre-professionnelle\/saisonniers-travailleurs-2\/"]}]},{"@type":"BreadcrumbList","@id":"https:\/\/www.sunshine-habitat.com\/fr\/mobil-homes-louisiane\/offre-professionnelle\/saisonniers-travailleurs-2\/#breadcrumb","itemListElement":[{"@type":"ListItem","position":1,"name":"Accueil","item":"https:\/\/www.sunshine-habitat.com\/fr\/"},{"@type":"ListItem","position":2,"name":"Mobil-Homes Louisiane","item":"https:\/\/www.sunshine-habitat.com\/fr\/mobil-homes-louisiane\/"},{"@type":"ListItem","position":3,"name":"Offre locative","item":"https:\/\/www.sunshine-habitat.com\/fr\/mobil-homes-louisiane\/offre-professionnelle\/"},{"@type":"ListItem","position":4,"name":"Modules saisonniers \/ travailleurs"}]},{"@type":"WebSite","@id":"https:\/\/www.sunshine-habitat.com\/fr\/#website","url":"https:\/\/www.sunshine-habitat.com\/fr\/","name":"Sunshine Habitat","description":"","publisher":{"@id":"https:\/\/www.sunshine-habitat.com\/fr\/#organization"},"potentialAction":[{"@type":"SearchAction","target":{"@type":"EntryPoint","urlTemplate":"https:\/\/www.sunshine-habitat.com\/fr\/?s={search_term_string}"},"query-input":{"@type":"PropertyValueSpecification","valueRequired":true,"valueName":"search_term_string"}}],"inLanguage":"fr-FR"},{"@type":"Organization","@id":"https:\/\/www.sunshine-habitat.com\/fr\/#organization","name":"Sunshine Habitat","url":"https:\/\/www.sunshine-habitat.com\/fr\/","logo":{"@type":"ImageObject","inLanguage":"fr-FR","@id":"https:\/\/www.sunshine-habitat.com\/fr\/#\/schema\/logo\/image\/","url":"https:\/\/www.sunshine-habitat.com\/wp-content\/uploads\/2021\/05\/logo.png","contentUrl":"https:\/\/www.sunshine-habitat.com\/wp-content\/uploads\/2021\/05\/logo.png","width":192,"height":250,"caption":"Sunshine Habitat"},"image":{"@id":"https:\/\/www.sunshine-habitat.com\/fr\/#\/schema\/logo\/image\/"}}]}},"_links":{"self":[{"href":"https:\/\/www.sunshine-habitat.com\/fr\/wp-json\/wp\/v2\/pages\/25100","targetHints":{"allow":["GET"]}}],"collection":[{"href":"https:\/\/www.sunshine-habitat.com\/fr\/wp-json\/wp\/v2\/pages"}],"about":[{"href":"https:\/\/www.sunshine-habitat.com\/fr\/wp-json\/wp\/v2\/types\/page"}],"author":[{"embeddable":true,"href":"https:\/\/www.sunshine-habitat.com\/fr\/wp-json\/wp\/v2\/users\/3"}],"replies":[{"embeddable":true,"href":"https:\/\/www.sunshine-habitat.com\/fr\/wp-json\/wp\/v2\/comments?post=25100"}],"version-history":[{"count":6,"href":"https:\/\/www.sunshine-habitat.com\/fr\/wp-json\/wp\/v2\/pages\/25100\/revisions"}],"predecessor-version":[{"id":25113,"href":"https:\/\/www.sunshine-habitat.com\/fr\/wp-json\/wp\/v2\/pages\/25100\/revisions\/25113"}],"up":[{"embeddable":true,"href":"https:\/\/www.sunshine-habitat.com\/fr\/wp-json\/wp\/v2\/pages\/2868"}],"wp:attachment":[{"href":"https:\/\/www.sunshine-habitat.com\/fr\/wp-json\/wp\/v2\/media?parent=25100"}],"curies":[{"name":"wp","href":"https:\/\/api.w.org\/{rel}","templated":true}]}}