{"id":7401,"date":"2022-04-12T12:15:06","date_gmt":"2022-04-12T10:15:06","guid":{"rendered":"https:\/\/www.sunshine-habitat.com\/?page_id=7401"},"modified":"2024-01-23T11:15:16","modified_gmt":"2024-01-23T10:15:16","slug":"la-demarche-environnementale-louisiane","status":"publish","type":"page","link":"https:\/\/www.sunshine-habitat.com\/fr\/la-demarche-environnementale-louisiane\/","title":{"rendered":"La d\u00e9marche environnementale Louisiane"},"content":{"rendered":"<div id=\"pl-7401\"  class=\"panel-layout\" ><div id=\"pg-7401-0\"  class=\"panel-grid panel-has-style no-padding-bottom-nc-wrap\" ><div class=\"no-padding-bottom panel-row-style panel-row-style-for-7401-0\" ><div id=\"pgc-7401-0-0\"  class=\"panel-grid-cell\" ><div id=\"panel-7401-0-0-0\" class=\"so-panel widget widget_sow-editor panel-first-child panel-last-child\" data-index=\"0\" ><div class=\"panel-widget-style panel-widget-style-for-7401-0-0-0\" ><div\n\t\t\t\n\t\t\tclass=\"so-widget-sow-editor so-widget-sow-editor-base\"\n\t\t\t\n\t\t>\n<div class=\"siteorigin-widget-tinymce textwidget\">\n\t<p style=\"text-align: center;\">La <strong>protection de l\u2019environnement<\/strong> constitue pour Louisiane\u00ae un enjeu civique. Chaque collaborateur participe dans son domaine de comp\u00e9tences \u00e0 la r\u00e9ussite de cette ambition commune : pr\u00e9server l\u2019environnement qui nous entoure. Tous les secteurs de l\u2019entreprise sont pris en compte, les impacts environnementaux \u00e9valu\u00e9s et les pistes de progr\u00e8s engag\u00e9es, afin de progresser sans cesse dans une logique de<strong> d\u00e9veloppement durable<\/strong>.<\/p>\n<\/div>\n<\/div><\/div><\/div><\/div><\/div><\/div><div id=\"pg-7401-1\"  class=\"panel-grid panel-has-style no-padding-bottom-nc-wrap\" ><div class=\"no-padding-bottom panel-row-style panel-row-style-for-7401-1\" ><div id=\"pgc-7401-1-0\"  class=\"panel-grid-cell\" ><div id=\"panel-7401-1-0-0\" class=\"so-panel widget widget_sow-editor panel-first-child panel-last-child\" data-index=\"1\" ><div class=\"padding-left padding-right panel-widget-style panel-widget-style-for-7401-1-0-0\" ><div\n\t\t\t\n\t\t\tclass=\"so-widget-sow-editor so-widget-sow-editor-base\"\n\t\t\t\n\t\t>\n<div class=\"siteorigin-widget-tinymce textwidget\">\n\t<h2>La conception<\/h2>\n<p style=\"text-align: justify;\">Il s\u2019agit d\u2019introduire le param\u00e8tre environnemental au sein du jeu des param\u00e8tres classiques de conception ou d\u2019am\u00e9lioration d\u2019un produit. Nos mod\u00e8les b\u00e9n\u00e9ficient des derni\u00e8res avanc\u00e9es en mati\u00e8re d\u2019\u00e9co-conception pour un impact environnemental minime tout au long de leur cycle de vie.<\/p>\n<p style=\"text-align: justify;\">Nos 4 principaux axes de travail sont :<\/p>\n<ul>\n<li style=\"text-align: justify;\">La s\u00e9lection de mat\u00e9riaux toujours plus respectueux de l\u2019environnement, avec une \u00e9valuation permanente de nos fournisseurs.<\/li>\n<li style=\"text-align: justify;\">La ma\u00eetrise de l\u2019impact du b\u00e2timent sur l\u2019environnement, \u00e0 travers un choix \u00e9tendu de mat\u00e9riaux, pour r\u00e9ussir l\u2019int\u00e9gration du projet dans son site de destination.<\/li>\n<li style=\"text-align: justify;\">La cr\u00e9ation d\u2019un environnement sain et confortable pour ses occupants. Nous installons par exemple, un r\u00e9ducteur de d\u00e9bit d\u2019eau sur les mitigeurs. Nous s\u00e9lectionnons des produits \u00e0 Bas Taux de Formald\u00e9hyde (BTF).<\/li>\n<li style=\"text-align: justify;\">L\u2019anticipation des enjeux de la d\u00e9construction gr\u00e2ce \u00e0 des techniques qui permettent de limiter l\u2019utilisation de produits non-\u00e9cologiques et la production de d\u00e9chets. L\u2019agrafage est un de ces proc\u00e9d\u00e9s qui facilite la d\u00e9construction en fin de vie tout en assurant la solidit\u00e9 de l\u2019assemblage.<\/li>\n<\/ul>\n<\/div>\n<\/div><\/div><\/div><\/div><div id=\"pgc-7401-1-1\"  class=\"panel-grid-cell\" ><div id=\"panel-7401-1-1-0\" class=\"so-panel widget widget_sow-image panel-first-child panel-last-child\" data-index=\"2\" ><div\n\t\t\t\n\t\t\tclass=\"so-widget-sow-image so-widget-sow-image-default-8b5b6f678277-7401\"\n\t\t\t\n\t\t>\n<div class=\"sow-image-container\">\n\t\t\t<a href=\"https:\/\/www.sunshine-habitat.com\/wp-content\/uploads\/2022\/04\/Enviro-copie.jpg\"\n\t\t\tdata-lightbox=\"Constructeur_mobil_homes_Louisiane\" data-lightbox-options=\"{&quot;alwaysShowNavOnTouchDevices&quot;:false,&quot;overlayColor&quot;:&quot;#000&quot;,&quot;overlayOpacity&quot;:0.8000000000000000444089209850062616169452667236328125,&quot;fadeDuration&quot;:600,&quot;fitImagesInViewport&quot;:true,&quot;imageFadeDuration&quot;:600,&quot;maxHeight&quot;:&quot;&quot;,&quot;maxWidth&quot;:&quot;&quot;,&quot;positionFromTop&quot;:50,&quot;resizeDuration&quot;:700,&quot;showImageNumberLabel&quot;:true,&quot;disableCaption&quot;:&quot;&quot;,&quot;wrapAround&quot;:true,&quot;albumLabel&quot;:&quot; %1 of %2&quot;}\" data-title=\"Constructeur_mobil_homes_Louisiane\" \t\t>\n\t\t\t<img fetchpriority=\"high\" \n\tsrc=\"https:\/\/www.sunshine-habitat.com\/wp-content\/uploads\/2022\/04\/Enviro-copie.jpg\" width=\"2182\" height=\"1405\" srcset=\"https:\/\/www.sunshine-habitat.com\/wp-content\/uploads\/2022\/04\/Enviro-copie.jpg 2182w, https:\/\/www.sunshine-habitat.com\/wp-content\/uploads\/2022\/04\/Enviro-copie-300x193.jpg 300w, https:\/\/www.sunshine-habitat.com\/wp-content\/uploads\/2022\/04\/Enviro-copie-1024x659.jpg 1024w\" sizes=\"(max-width: 2182px) 100vw, 2182px\" title=\"Constructeur_mobil_homes_Louisiane\" alt=\"d\u00e9marche environnementale mobil-homes Louisiane Sunshine Habitat\" \t\tclass=\"so-widget-image\"\/>\n\t\t\t<\/a><\/div>\n\n<\/div><\/div><\/div><\/div><\/div><div id=\"pg-7401-2\"  class=\"panel-grid panel-has-style no-padding-top-nc-wrap\" ><div class=\"no-padding-top panel-row-style panel-row-style-for-7401-2\" ><div id=\"pgc-7401-2-0\"  class=\"panel-grid-cell\" ><div id=\"panel-7401-2-0-0\" class=\"so-panel widget widget_sow-image panel-first-child panel-last-child\" data-index=\"3\" ><div\n\t\t\t\n\t\t\tclass=\"so-widget-sow-image so-widget-sow-image-default-8b5b6f678277-7401\"\n\t\t\t\n\t\t>\n<div class=\"sow-image-container\">\n\t\t\t<a href=\"https:\/\/www.sunshine-habitat.com\/wp-content\/uploads\/2022\/04\/LOUISIANE-ATELIER-15-scaled.jpg\"\n\t\t\tdata-lightbox=\"constructeur_mobil_homes_Louisiane\" data-lightbox-options=\"{&quot;alwaysShowNavOnTouchDevices&quot;:false,&quot;overlayColor&quot;:&quot;#000&quot;,&quot;overlayOpacity&quot;:0.8000000000000000444089209850062616169452667236328125,&quot;fadeDuration&quot;:600,&quot;fitImagesInViewport&quot;:true,&quot;imageFadeDuration&quot;:600,&quot;maxHeight&quot;:&quot;&quot;,&quot;maxWidth&quot;:&quot;&quot;,&quot;positionFromTop&quot;:50,&quot;resizeDuration&quot;:700,&quot;showImageNumberLabel&quot;:true,&quot;disableCaption&quot;:&quot;&quot;,&quot;wrapAround&quot;:true,&quot;albumLabel&quot;:&quot; %1 of %2&quot;}\" data-title=\"constructeur_mobil_homes_Louisiane\" \t\t>\n\t\t\t<img \n\tsrc=\"https:\/\/www.sunshine-habitat.com\/wp-content\/uploads\/2022\/04\/LOUISIANE-ATELIER-15-scaled.jpg\" width=\"1709\" height=\"2560\" srcset=\"https:\/\/www.sunshine-habitat.com\/wp-content\/uploads\/2022\/04\/LOUISIANE-ATELIER-15-scaled.jpg 1709w, https:\/\/www.sunshine-habitat.com\/wp-content\/uploads\/2022\/04\/LOUISIANE-ATELIER-15-scaled-200x300.jpg 200w, https:\/\/www.sunshine-habitat.com\/wp-content\/uploads\/2022\/04\/LOUISIANE-ATELIER-15-scaled-684x1024.jpg 684w\" sizes=\"(max-width: 1709px) 100vw, 1709px\" title=\"constructeur_mobil_homes_Louisiane\" alt=\"Construction mobil-homes Louisiane Sunshine Habitat\" \t\tclass=\"so-widget-image\"\/>\n\t\t\t<\/a><\/div>\n\n<\/div><\/div><\/div><div id=\"pgc-7401-2-1\"  class=\"panel-grid-cell\" ><div id=\"panel-7401-2-1-0\" class=\"so-panel widget widget_sow-editor panel-first-child panel-last-child\" data-index=\"4\" ><div class=\"padding-right panel-widget-style panel-widget-style-for-7401-2-1-0\" ><div\n\t\t\t\n\t\t\tclass=\"so-widget-sow-editor so-widget-sow-editor-base\"\n\t\t\t\n\t\t>\n<div class=\"siteorigin-widget-tinymce textwidget\">\n\t<h2>La production<\/h2>\n<p style=\"text-align: justify;\">Nous travaillons \u00e9galement quotidiennement sur la r\u00e9duction de notre empreinte \u00e9cologique \u00e0 travers la mise en place de processus de production respectueux de notre environnement. Dans ce cadre, la sensibilisation et la formation des salari\u00e9s et des sous-traitants aux impacts environnementaux, l\u2019am\u00e9lioration du tri, la diminution des produits dangereux et la r\u00e9duction de la consommation d\u2019\u00e9nergie des sites de production, sont autant de d\u00e9marches que nous poursuivons au sein de notre entreprise. Enfin, nous progressons chaque jour dans l\u2019utilisation de mat\u00e9riaux \u00e9co-certifi\u00e9s (colle sans COV, bois massif...) en optimisant nos diff\u00e9rentes techniques d\u2019assemblage.<\/p>\n<h2>Les \u00e9conomies d'\u00e9nergie<\/h2>\n<p style=\"text-align: justify;\">Les mobil-homes Louisiane \u00ae b\u00e9n\u00e9ficient aujourd\u2019hui de technologies qui permettent une r\u00e9duction des consommations d\u2019\u00e9lectricit\u00e9, de gaz et d\u2019eau.<br \/>\nPar exemple :<\/p>\n<ul>\n<li style=\"text-align: justify;\">Isolation performante<\/li>\n<li style=\"text-align: justify;\">R\u00e9ducteur de d\u00e9bit sur les points d\u2019eau<\/li>\n<li style=\"text-align: justify;\">Chasse d\u2019eau double flux<\/li>\n<li style=\"text-align: justify;\">Ampoules leds<\/li>\n<\/ul>\n<p>&nbsp;<\/p>\n<\/div>\n<\/div><\/div><\/div><\/div><\/div><\/div><div id=\"pg-7401-3\"  class=\"panel-grid panel-has-style no-padding-top-nc-wrap\" ><div class=\"no-padding-top panel-row-style panel-row-style-for-7401-3\" ><div id=\"pgc-7401-3-0\"  class=\"panel-grid-cell\" ><div id=\"panel-7401-3-0-0\" class=\"so-panel widget widget_sow-editor panel-first-child panel-last-child\" data-index=\"5\" ><div class=\"padding-right panel-widget-style panel-widget-style-for-7401-3-0-0\" ><div\n\t\t\t\n\t\t\tclass=\"so-widget-sow-editor so-widget-sow-editor-base\"\n\t\t\t\n\t\t>\n<div class=\"siteorigin-widget-tinymce textwidget\">\n\t<p><span style=\"font-family: Raleway, 'Helvetica Neue', Helvetica, Arial, sans-serif; font-size: 4rem; font-weight: 600; letter-spacing: calc(0.05em);\">Le recyclage<\/span><\/p>\n<p style=\"text-align: justify;\">Engag\u00e9 dans une d\u00e9marche de d\u00e9veloppement durable, nous suivons chaque \u00e9tape de la vie de nos mobil-homes et nous nous impliquons dans la gestion de la fin de vie et dans le recyclage. \u00c9co Mobil-Home a pour mission de prendre en charge la fin de vie des mobil-homes du march\u00e9 fran\u00e7ais, depuis son enl\u00e8vement jusqu\u2019au traitement et au recyclage des mat\u00e9riaux. \u00c9co Mobil-Home permet aux campings de se s\u00e9parer, simplement et sans frais, des h\u00e9bergements v\u00e9tustes.<\/p>\n<h2>Gestion technique centralis\u00e9e<\/h2>\n<p style=\"text-align: justify;\">Louisiane \u00ae propose d'\u00e9tudier la GTC (Gestion Technique Centralis\u00e9e) avec notre partenaire Delta Dore qui permet de contr\u00f4ler vos mobil-homes (\u00e9clairage, contr\u00f4le d\u2019acc\u00e8s, contr\u00f4le des ouvertures, gestion du chauffage...), de ma\u00eetriser la gestion des \u00e9nergies, de faciliter la maintenance et d\u2019am\u00e9liorer le confort de vos clients.<\/p>\n<\/div>\n<\/div><\/div><\/div><\/div><div id=\"pgc-7401-3-1\"  class=\"panel-grid-cell\" ><div id=\"panel-7401-3-1-0\" class=\"so-panel widget widget_sow-image panel-first-child panel-last-child\" data-index=\"6\" ><div\n\t\t\t\n\t\t\tclass=\"so-widget-sow-image so-widget-sow-image-default-8b5b6f678277-7401\"\n\t\t\t\n\t\t>\n<div class=\"sow-image-container\">\n\t\t\t<a href=\"https:\/\/www.sunshine-habitat.com\/wp-content\/uploads\/2022\/05\/eco-mh.png\"\n\t\t\tdata-lightbox=\"92784276362728f00e25ab751571896\" data-lightbox-options=\"{&quot;alwaysShowNavOnTouchDevices&quot;:false,&quot;overlayColor&quot;:&quot;#000&quot;,&quot;overlayOpacity&quot;:0.8000000000000000444089209850062616169452667236328125,&quot;fadeDuration&quot;:600,&quot;fitImagesInViewport&quot;:true,&quot;imageFadeDuration&quot;:600,&quot;maxHeight&quot;:&quot;&quot;,&quot;maxWidth&quot;:&quot;&quot;,&quot;positionFromTop&quot;:50,&quot;resizeDuration&quot;:700,&quot;showImageNumberLabel&quot;:true,&quot;disableCaption&quot;:&quot;&quot;,&quot;wrapAround&quot;:true,&quot;albumLabel&quot;:&quot; %1 of %2&quot;}\" \t\t>\n\t\t\t<img \n\tsrc=\"https:\/\/www.sunshine-habitat.com\/wp-content\/uploads\/2022\/05\/eco-mh.png\" width=\"265\" height=\"82\" sizes=\"(max-width: 265px) 100vw, 265px\" alt=\"eco mobil-home d\u00e9construction\" \t\tclass=\"so-widget-image\"\/>\n\t\t\t<\/a><\/div>\n\n<\/div><\/div><\/div><\/div><\/div><\/div>","protected":false},"excerpt":{"rendered":"<p>La protection de l\u2019environnement constitue pour Louisiane\u00ae un enjeu civique. Chaque collaborateur participe dans son domaine de comp\u00e9tences \u00e0 la r\u00e9ussite de cette ambition commune : pr\u00e9server l\u2019environnement qui<\/p>\n","protected":false},"author":2,"featured_media":0,"parent":0,"menu_order":15,"comment_status":"closed","ping_status":"closed","template":"","meta":{"inline_featured_image":false,"footnotes":""},"class_list":["post-7401","page","type-page","status-publish","hentry"],"yoast_head":"<!-- This site is optimized with the Yoast SEO plugin v27.3 - https:\/\/yoast.com\/product\/yoast-seo-wordpress\/ -->\n<title>La d\u00e9marche environnementale Louisiane - Sunshine Habitat<\/title>\n<meta name=\"robots\" content=\"index, follow, max-snippet:-1, max-image-preview:large, max-video-preview:-1\" \/>\n<link rel=\"canonical\" href=\"https:\/\/www.sunshine-habitat.com\/fr\/la-demarche-environnementale-louisiane\/\" \/>\n<meta property=\"og:locale\" content=\"fr_FR\" \/>\n<meta property=\"og:type\" content=\"article\" \/>\n<meta property=\"og:title\" content=\"La d\u00e9marche environnementale Louisiane - Sunshine Habitat\" \/>\n<meta property=\"og:description\" content=\"La protection de l\u2019environnement constitue pour Louisiane\u00ae un enjeu civique. Chaque collaborateur participe dans son domaine de comp\u00e9tences \u00e0 la r\u00e9ussite de cette ambition commune : pr\u00e9server l\u2019environnement qui\" \/>\n<meta property=\"og:url\" content=\"https:\/\/www.sunshine-habitat.com\/fr\/la-demarche-environnementale-louisiane\/\" \/>\n<meta property=\"og:site_name\" content=\"Sunshine Habitat\" \/>\n<meta property=\"article:modified_time\" content=\"2024-01-23T10:15:16+00:00\" \/>\n<meta name=\"twitter:card\" content=\"summary_large_image\" \/>\n<script type=\"application\/ld+json\" class=\"yoast-schema-graph\">{\"@context\":\"https:\\\/\\\/schema.org\",\"@graph\":[{\"@type\":\"WebPage\",\"@id\":\"https:\\\/\\\/www.sunshine-habitat.com\\\/fr\\\/la-demarche-environnementale-louisiane\\\/\",\"url\":\"https:\\\/\\\/www.sunshine-habitat.com\\\/fr\\\/la-demarche-environnementale-louisiane\\\/\",\"name\":\"La d\u00e9marche environnementale Louisiane - Sunshine Habitat\",\"isPartOf\":{\"@id\":\"https:\\\/\\\/www.sunshine-habitat.com\\\/fr\\\/#website\"},\"datePublished\":\"2022-04-12T10:15:06+00:00\",\"dateModified\":\"2024-01-23T10:15:16+00:00\",\"breadcrumb\":{\"@id\":\"https:\\\/\\\/www.sunshine-habitat.com\\\/fr\\\/la-demarche-environnementale-louisiane\\\/#breadcrumb\"},\"inLanguage\":\"fr-FR\",\"potentialAction\":[{\"@type\":\"ReadAction\",\"target\":[\"https:\\\/\\\/www.sunshine-habitat.com\\\/fr\\\/la-demarche-environnementale-louisiane\\\/\"]}]},{\"@type\":\"BreadcrumbList\",\"@id\":\"https:\\\/\\\/www.sunshine-habitat.com\\\/fr\\\/la-demarche-environnementale-louisiane\\\/#breadcrumb\",\"itemListElement\":[{\"@type\":\"ListItem\",\"position\":1,\"name\":\"Accueil\",\"item\":\"https:\\\/\\\/www.sunshine-habitat.com\\\/fr\\\/\"},{\"@type\":\"ListItem\",\"position\":2,\"name\":\"La d\u00e9marche environnementale Louisiane\"}]},{\"@type\":\"WebSite\",\"@id\":\"https:\\\/\\\/www.sunshine-habitat.com\\\/fr\\\/#website\",\"url\":\"https:\\\/\\\/www.sunshine-habitat.com\\\/fr\\\/\",\"name\":\"Sunshine Habitat\",\"description\":\"\",\"publisher\":{\"@id\":\"https:\\\/\\\/www.sunshine-habitat.com\\\/fr\\\/#organization\"},\"potentialAction\":[{\"@type\":\"SearchAction\",\"target\":{\"@type\":\"EntryPoint\",\"urlTemplate\":\"https:\\\/\\\/www.sunshine-habitat.com\\\/fr\\\/?s={search_term_string}\"},\"query-input\":{\"@type\":\"PropertyValueSpecification\",\"valueRequired\":true,\"valueName\":\"search_term_string\"}}],\"inLanguage\":\"fr-FR\"},{\"@type\":\"Organization\",\"@id\":\"https:\\\/\\\/www.sunshine-habitat.com\\\/fr\\\/#organization\",\"name\":\"Sunshine Habitat\",\"url\":\"https:\\\/\\\/www.sunshine-habitat.com\\\/fr\\\/\",\"logo\":{\"@type\":\"ImageObject\",\"inLanguage\":\"fr-FR\",\"@id\":\"https:\\\/\\\/www.sunshine-habitat.com\\\/fr\\\/#\\\/schema\\\/logo\\\/image\\\/\",\"url\":\"https:\\\/\\\/www.sunshine-habitat.com\\\/wp-content\\\/uploads\\\/2021\\\/05\\\/logo.png\",\"contentUrl\":\"https:\\\/\\\/www.sunshine-habitat.com\\\/wp-content\\\/uploads\\\/2021\\\/05\\\/logo.png\",\"width\":192,\"height\":250,\"caption\":\"Sunshine Habitat\"},\"image\":{\"@id\":\"https:\\\/\\\/www.sunshine-habitat.com\\\/fr\\\/#\\\/schema\\\/logo\\\/image\\\/\"}}]}<\/script>\n<!-- \/ Yoast SEO plugin. -->","yoast_head_json":{"title":"La d\u00e9marche environnementale Louisiane - Sunshine Habitat","robots":{"index":"index","follow":"follow","max-snippet":"max-snippet:-1","max-image-preview":"max-image-preview:large","max-video-preview":"max-video-preview:-1"},"canonical":"https:\/\/www.sunshine-habitat.com\/fr\/la-demarche-environnementale-louisiane\/","og_locale":"fr_FR","og_type":"article","og_title":"La d\u00e9marche environnementale Louisiane - Sunshine Habitat","og_description":"La protection de l\u2019environnement constitue pour Louisiane\u00ae un enjeu civique. Chaque collaborateur participe dans son domaine de comp\u00e9tences \u00e0 la r\u00e9ussite de cette ambition commune : pr\u00e9server l\u2019environnement qui","og_url":"https:\/\/www.sunshine-habitat.com\/fr\/la-demarche-environnementale-louisiane\/","og_site_name":"Sunshine Habitat","article_modified_time":"2024-01-23T10:15:16+00:00","twitter_card":"summary_large_image","schema":{"@context":"https:\/\/schema.org","@graph":[{"@type":"WebPage","@id":"https:\/\/www.sunshine-habitat.com\/fr\/la-demarche-environnementale-louisiane\/","url":"https:\/\/www.sunshine-habitat.com\/fr\/la-demarche-environnementale-louisiane\/","name":"La d\u00e9marche environnementale Louisiane - Sunshine Habitat","isPartOf":{"@id":"https:\/\/www.sunshine-habitat.com\/fr\/#website"},"datePublished":"2022-04-12T10:15:06+00:00","dateModified":"2024-01-23T10:15:16+00:00","breadcrumb":{"@id":"https:\/\/www.sunshine-habitat.com\/fr\/la-demarche-environnementale-louisiane\/#breadcrumb"},"inLanguage":"fr-FR","potentialAction":[{"@type":"ReadAction","target":["https:\/\/www.sunshine-habitat.com\/fr\/la-demarche-environnementale-louisiane\/"]}]},{"@type":"BreadcrumbList","@id":"https:\/\/www.sunshine-habitat.com\/fr\/la-demarche-environnementale-louisiane\/#breadcrumb","itemListElement":[{"@type":"ListItem","position":1,"name":"Accueil","item":"https:\/\/www.sunshine-habitat.com\/fr\/"},{"@type":"ListItem","position":2,"name":"La d\u00e9marche environnementale Louisiane"}]},{"@type":"WebSite","@id":"https:\/\/www.sunshine-habitat.com\/fr\/#website","url":"https:\/\/www.sunshine-habitat.com\/fr\/","name":"Sunshine Habitat","description":"","publisher":{"@id":"https:\/\/www.sunshine-habitat.com\/fr\/#organization"},"potentialAction":[{"@type":"SearchAction","target":{"@type":"EntryPoint","urlTemplate":"https:\/\/www.sunshine-habitat.com\/fr\/?s={search_term_string}"},"query-input":{"@type":"PropertyValueSpecification","valueRequired":true,"valueName":"search_term_string"}}],"inLanguage":"fr-FR"},{"@type":"Organization","@id":"https:\/\/www.sunshine-habitat.com\/fr\/#organization","name":"Sunshine Habitat","url":"https:\/\/www.sunshine-habitat.com\/fr\/","logo":{"@type":"ImageObject","inLanguage":"fr-FR","@id":"https:\/\/www.sunshine-habitat.com\/fr\/#\/schema\/logo\/image\/","url":"https:\/\/www.sunshine-habitat.com\/wp-content\/uploads\/2021\/05\/logo.png","contentUrl":"https:\/\/www.sunshine-habitat.com\/wp-content\/uploads\/2021\/05\/logo.png","width":192,"height":250,"caption":"Sunshine Habitat"},"image":{"@id":"https:\/\/www.sunshine-habitat.com\/fr\/#\/schema\/logo\/image\/"}}]}},"_links":{"self":[{"href":"https:\/\/www.sunshine-habitat.com\/fr\/wp-json\/wp\/v2\/pages\/7401","targetHints":{"allow":["GET"]}}],"collection":[{"href":"https:\/\/www.sunshine-habitat.com\/fr\/wp-json\/wp\/v2\/pages"}],"about":[{"href":"https:\/\/www.sunshine-habitat.com\/fr\/wp-json\/wp\/v2\/types\/page"}],"author":[{"embeddable":true,"href":"https:\/\/www.sunshine-habitat.com\/fr\/wp-json\/wp\/v2\/users\/2"}],"replies":[{"embeddable":true,"href":"https:\/\/www.sunshine-habitat.com\/fr\/wp-json\/wp\/v2\/comments?post=7401"}],"version-history":[{"count":6,"href":"https:\/\/www.sunshine-habitat.com\/fr\/wp-json\/wp\/v2\/pages\/7401\/revisions"}],"predecessor-version":[{"id":18160,"href":"https:\/\/www.sunshine-habitat.com\/fr\/wp-json\/wp\/v2\/pages\/7401\/revisions\/18160"}],"wp:attachment":[{"href":"https:\/\/www.sunshine-habitat.com\/fr\/wp-json\/wp\/v2\/media?parent=7401"}],"curies":[{"name":"wp","href":"https:\/\/api.w.org\/{rel}","templated":true}]}}